{"id":47,"date":"2019-12-25T21:46:19","date_gmt":"2019-12-25T20:46:19","guid":{"rendered":"https:\/\/swissengineering.000webhostapp.com\/?page_id=31"},"modified":"2020-05-22T08:32:55","modified_gmt":"2020-05-22T08:32:55","slug":"ingegnere-4-0","status":"publish","type":"page","link":"https:\/\/swissengineering.multisys.ch\/index.php\/ingegnere-4-0\/","title":{"rendered":"Ingegnere 4.0"},"content":{"rendered":"\n<div style=\"height:100px\" aria-hidden=\"true\" class=\"wp-block-spacer\"><\/div>\n\n\n<p><em>Trends<\/em><\/p>\n<p>Ci sono diversi trends che descrivono l\u2019attuale evoluzione del mondo del lavoro della produzione e dell\u2019economia:<\/p>\n<ul>\n<li>Industry 4.0 o quarta rivoluzione industriale<\/li>\n<li>Digitalizzazione<\/li>\n<li>Smart production<\/li>\n<li>Sharing economy<\/li>\n<li>\u2026<\/li>\n<\/ul>\n\n\n<div style=\"height:40px\" aria-hidden=\"true\" class=\"wp-block-spacer\"><\/div>\n\n\n<p><em>Parole chiave<\/em><\/p>\n<p>Questi concetti sono caratterizzati da parole chiave quali:<\/p>\n\n\n<figure class=\"wp-block-image size-large\"><img loading=\"lazy\" decoding=\"async\" width=\"815\" height=\"211\" src=\"https:\/\/swissengineering.multisys.ch\/wp-content\/uploads\/2020\/01\/ING_Parole.png\" alt=\"\" class=\"wp-image-388\" srcset=\"https:\/\/swissengineering.multisys.ch\/wp-content\/uploads\/2020\/01\/ING_Parole.png 815w, https:\/\/swissengineering.multisys.ch\/wp-content\/uploads\/2020\/01\/ING_Parole-300x78.png 300w, https:\/\/swissengineering.multisys.ch\/wp-content\/uploads\/2020\/01\/ING_Parole-768x199.png 768w\" sizes=\"auto, (max-width: 815px) 100vw, 815px\" \/><\/figure>\n\n\n\n<div style=\"height:40px\" aria-hidden=\"true\" class=\"wp-block-spacer\"><\/div>\n\n\n<p><em>Il posto di lavoro del futuro<\/em><\/p>\n<p>La forza lavoro \u00e8 destinata a importanti cambiamenti secondo modelli bene evidenziati da uno studio Deloitte per la svizzera:<\/p>\n<p><a href=\"https:\/\/www2.deloitte.com\/ch\/en\/pages\/innovation\/articles\/workplace-of-future.html\" target=\"_blank\" rel=\"noopener noreferrer\">The workplace of the future is flexible and connected<\/a><\/p>\n\n\n<div class=\"wp-block-file\"><a href=\"https:\/\/swissengineering.multisys.ch\/wp-content\/uploads\/2020\/01\/ch-cb-en-the-workplace-of-the-future.pdf\" class=\"wp-block-file__button\" download>Download<\/a><\/div>\n\n\n\n<div style=\"height:40px\" aria-hidden=\"true\" class=\"wp-block-spacer\"><\/div>\n\n\n<p><em>E l\u2019ora dell\u2019ingegnere!<\/em><\/p>\n<p>L\u2019ingegnere in particolare \u00e8 chiamato a svolgere funzioni chiavi nella futura economia grazie alla sua capacit\u00e0 di elaborare soluzioni efficienti alle sfide dell\u2019uomo ad esempio nel semplificare i processi produttivi.<\/p>\n\n\n<div style=\"height:40px\" aria-hidden=\"true\" class=\"wp-block-spacer\"><\/div>\n\n\n<p><em>Ingegnere 4.0<\/em><\/p>\n<p>Abbiamo identificato nel termine \u201cingegnere 4.0\u201d questo nuovo tipo di ingegnere, flessibile, efficiente e maggiormente reperibile sul mercato del lavoro grazie al fatto che non \u00e8 dipendente per un solo datore di lavoro.<\/p>\n\n\n<div style=\"height:40px\" aria-hidden=\"true\" class=\"wp-block-spacer\"><\/div>\n\n\n<p><em>Opportunit\u00e0<\/em><\/p>\n<p>Oltre che essere in ogni caso un trend a cui non ci prossimo sottrare, questa evoluzione presenta importanti opportunit\u00e0 per noi tutti, che intendiamo sfruttare con l\u2019aiuto di swissengineering :<\/p>\n<p><em>Retribuzione<\/em><\/p>\n<p>L\u2019opportunit\u00e0 per le aziende e per i clienti di disporre di specialisti su progetto per periodi limitati secondo le proprie necessit\u00e0 \u00e8 collegato ad una maggiore retribuzione delle prestazioni data dalla possibilit\u00e0 di ottimizzare i costi non dovendosi sobbarcare costi ad esempio di formazione, per l\u2019infrastruttura e soprattutto i costi per i periodi di minore attivit\u00e0.<\/p>\n<p><em>Nuovi stimoli<\/em><\/p>\n<p>Il lavoro su progetto e per pi\u00f9 datori \u00e8 un occasione per il professionista di accedere a realt\u00e0 diverse e stimolanti, permettendogli di sviluppare competenze trasversali che stanno alla base di questo concetto di lavoro in cui la formazione \u00e8 sul campo e non pi\u00f9 legata a conoscenze tecniche di punta ma a capacit\u00e0 di gestione, di comprensione del problema e di presa delle decisioni.<\/p>\n<p><em>Gestione del tempo<\/em><\/p>\n<p>La professione del futuro comporter\u00e0 una gestione del tempo completamente diversa da quella attuale in cui grazie alla maggiore retribuzione ed ad una maggiore produttivit\u00e0 il tempo libero sar\u00e0 maggiore.<\/p>\n\n\n<div style=\"height:40px\" aria-hidden=\"true\" class=\"wp-block-spacer\"><\/div>\n\n\n<h2><strong>Swissengineering<\/strong><\/h2>\n<p>L\u2019associazione intende supportarci in questa trasformazione fornendoci i tools e le conoscenze mancanti:<\/p>\n\n\n<figure class=\"wp-block-image size-large\"><img loading=\"lazy\" decoding=\"async\" width=\"1024\" height=\"513\" src=\"https:\/\/swissengineering.multisys.ch\/wp-content\/uploads\/2020\/01\/ING_SwissE-1024x513.png\" alt=\"\" class=\"wp-image-397\" srcset=\"https:\/\/swissengineering.multisys.ch\/wp-content\/uploads\/2020\/01\/ING_SwissE-1024x513.png 1024w, https:\/\/swissengineering.multisys.ch\/wp-content\/uploads\/2020\/01\/ING_SwissE-300x150.png 300w, https:\/\/swissengineering.multisys.ch\/wp-content\/uploads\/2020\/01\/ING_SwissE-768x385.png 768w, https:\/\/swissengineering.multisys.ch\/wp-content\/uploads\/2020\/01\/ING_SwissE.png 1080w\" sizes=\"auto, (max-width: 1024px) 100vw, 1024px\" \/><\/figure>\n","protected":false},"excerpt":{"rendered":"<p>Trends Ci sono diversi trends che descrivono l\u2019attuale evoluzione del mondo del lavoro della produzione e dell\u2019economia: Industry 4.0 o quarta rivoluzione industriale Digitalizzazione Smart production Sharing economy \u2026 Parole chiave Questi concetti sono caratterizzati da parole chiave quali: Il posto di lavoro del futuro La forza lavoro \u00e8 destinata a importanti cambiamenti secondo modelli [&hellip;]<\/p>\n","protected":false},"author":1,"featured_media":0,"parent":0,"menu_order":0,"comment_status":"closed","ping_status":"closed","template":"","meta":{"footnotes":""},"class_list":["post-47","page","type-page","status-publish","hentry"],"_links":{"self":[{"href":"https:\/\/swissengineering.multisys.ch\/index.php\/wp-json\/wp\/v2\/pages\/47","targetHints":{"allow":["GET"]}}],"collection":[{"href":"https:\/\/swissengineering.multisys.ch\/index.php\/wp-json\/wp\/v2\/pages"}],"about":[{"href":"https:\/\/swissengineering.multisys.ch\/index.php\/wp-json\/wp\/v2\/types\/page"}],"author":[{"embeddable":true,"href":"https:\/\/swissengineering.multisys.ch\/index.php\/wp-json\/wp\/v2\/users\/1"}],"replies":[{"embeddable":true,"href":"https:\/\/swissengineering.multisys.ch\/index.php\/wp-json\/wp\/v2\/comments?post=47"}],"version-history":[{"count":2,"href":"https:\/\/swissengineering.multisys.ch\/index.php\/wp-json\/wp\/v2\/pages\/47\/revisions"}],"predecessor-version":[{"id":607,"href":"https:\/\/swissengineering.multisys.ch\/index.php\/wp-json\/wp\/v2\/pages\/47\/revisions\/607"}],"wp:attachment":[{"href":"https:\/\/swissengineering.multisys.ch\/index.php\/wp-json\/wp\/v2\/media?parent=47"}],"curies":[{"name":"wp","href":"https:\/\/api.w.org\/{rel}","templated":true}]}}